{"id":808,"date":"2021-09-30T18:29:56","date_gmt":"2021-09-30T18:29:56","guid":{"rendered":"https:\/\/guillermofernandezok.com\/?post_type=product&#038;p=808"},"modified":"2024-04-27T00:27:03","modified_gmt":"2024-04-27T00:27:03","slug":"sanacion-del-linaje-paterno","status":"publish","type":"product","link":"https:\/\/guillermofernandezok.com\/index.php\/producto\/sanacion-del-linaje-paterno\/","title":{"rendered":"SANACION DEL LINAJE PATERNO"},"content":{"rendered":"<p><span style=\"vertical-align: inherit;\"><span style=\"vertical-align: inherit;\">La figura del padre representa la seguridad, el mundo de afuera, la contenci\u00f3n, el modelo a seguir para tener identidad, nos ense\u00f1a a proveer.<\/span><\/span><\/p>\n<p><span style=\"vertical-align: inherit;\"><span style=\"vertical-align: inherit;\">Honrar el Linaje masculino es esencial. <\/span><span style=\"vertical-align: inherit;\">Muchas personas traen consigo rabia, dolor y miedo ante el masculino. <\/span><span style=\"vertical-align: inherit;\">Dicho dolor es una semilla que crece desde el ni\u00f1o hasta el adulto y se perpetua a trav\u00e9s del tiempo.<\/span><\/span><\/p>\n<p><span style=\"vertical-align: inherit;\"><span style=\"vertical-align: inherit;\">En el taller realizaremos una sanaci\u00f3n de nuestro linaje paterno trabajando con las 7 generaciones de abuelos para sanar con amor el origen de toda memoria de dolor, y llevar luz y bendici\u00f3n a esa rama del \u00e1rbol geneal\u00f3gico.<\/span><\/span><\/p>\n<p><span style=\"vertical-align: inherit;\"><span style=\"vertical-align: inherit;\">.<\/span><\/span><\/p>\n<p><span style=\"vertical-align: inherit;\"><span style=\"vertical-align: inherit;\">BENEFICIOS:<\/span><\/span><\/p>\n<p><span style=\"vertical-align: inherit;\"><span style=\"vertical-align: inherit;\">-El restaura el v\u00ednculo padre-hijo\/a se y de nuevo circula la fuerza, la energ\u00eda, la potencia y, por lo tanto, el amor y la vida.<\/span><\/span><\/p>\n<p><span style=\"vertical-align: inherit;\"><span style=\"vertical-align: inherit;\">-Permite una mejor relaci\u00f3n con el dinero, con lo material y la autoafirmaci\u00f3n. <\/span><span style=\"vertical-align: inherit;\">Y por sobretodo que la energia vital fluya con mas libertad.<\/span><\/span><\/p>\n<p><span style=\"vertical-align: inherit;\"><span style=\"vertical-align: inherit;\">.<\/span><\/span><\/p>\n<p><span style=\"vertical-align: inherit;\"><span style=\"vertical-align: inherit;\">Es importante poder reconciliarnos con esa parte nuestra y ayudar a sanar y liberar nuestro \u00e1rbol familiar. <\/span><span style=\"vertical-align: inherit;\">La relaci\u00f3n con el padre influye en las relaciones que establecemos con los hombres, con las parejas. <\/span><span style=\"vertical-align: inherit;\">Es momento de sanar tu linaje, de reconciliarte, de honrar a cada uno de tus ancestros, para poder sanar tu hombre interior y dejar que la mujer que<\/span><\/span><\/p>\n<p><span style=\"vertical-align: inherit;\"><span style=\"vertical-align: inherit;\">Eres se vuelve amorosa y plena. <\/span><span style=\"vertical-align: inherit;\">Y si eres hombre, es momento de reconectar con lo sagrado masculino que vive en ti.<\/span><\/span><\/p>\n<p><span style=\"vertical-align: inherit;\"><span style=\"vertical-align: inherit;\">Es un taller especialmente para quienes quieran completar la sanaci\u00f3n recibida en el Rito del \u00datero (pero no es necesario haberlo recibido para participar).<\/span><\/span><\/p>\n<p><span style=\"vertical-align: inherit;\"><span style=\"vertical-align: inherit;\">LO LINDO ES QUE LUEGO CONECTAMOS CON LOS GU\u00cdAS ESPIRITUALES PARA QUE TENGAN MENSAJES REFERIDOS AL TEMA PARA CADA UNO.<\/span><\/span><\/p>\n<p><span style=\"vertical-align: inherit;\"><span style=\"vertical-align: inherit;\">Necesitar\u00e1s contar con una flor natural, l\u00e1pices de colores y papel. <\/span><span style=\"vertical-align: inherit;\">Se entrega Archivo PDF.<\/span><\/span><\/p>\n<p><span style=\"vertical-align: inherit;\"><span style=\"vertical-align: inherit;\">MODALIDAD: ONLINE A TRAV\u00c9S DE ZOOM<\/span><\/span><\/p>\n<p><span style=\"vertical-align: inherit;\"><span style=\"vertical-align: inherit;\">VALOR: $30.000.- por Transferencia o Mercadopago en Argentina y USD 30 por Paypal o WESTERUNION en el Exterior.<\/span><\/span><\/p>\n<p><span style=\"vertical-align: inherit;\"><span style=\"vertical-align: inherit;\">Inscripciones:guillerfernandezcanalizador@gmail.com o +54 9 2494500228.<\/span><\/span><\/p>\n<p><span style=\"vertical-align: inherit;\"><span style=\"vertical-align: inherit;\">MP FACEBOOK.<\/span><\/span><\/p>\n","protected":false},"excerpt":{"rendered":"<p>La figura del padre representa la seguridad, el mundo de afuera, la contenci\u00f3n, el modelo a seguir para tener identidad, nos ense\u00f1a a proveer. Honrar el Linaje masculino es esencial. Muchas personas traen consigo rabia, dolor y miedo ante el masculino. Dicho dolor es una semilla que crece desde el ni\u00f1o hasta el adulto y [&hellip;]<\/p>\n","protected":false},"featured_media":924,"comment_status":"open","ping_status":"closed","template":"","meta":{"site-sidebar-layout":"default","site-content-layout":"default","ast-site-content-layout":"default","site-content-style":"default","site-sidebar-style":"default","ast-global-header-display":"","ast-banner-title-visibility":"","ast-main-header-display":"","ast-hfb-above-header-display":"","ast-hfb-below-header-display":"","ast-hfb-mobile-header-display":"","site-post-title":"","ast-breadcrumbs-content":"","ast-featured-img":"","footer-sml-layout":"","ast-disable-related-posts":"","theme-transparent-header-meta":"default","adv-header-id-meta":"","stick-header-meta":"","header-above-stick-meta":"","header-main-stick-meta":"","header-below-stick-meta":"","astra-migrate-meta-layouts":"default","ast-page-background-enabled":"default","ast-page-background-meta":{"desktop":{"background-color":"var(--ast-global-color-4)","background-image":"","background-repeat":"repeat","background-position":"center center","background-size":"auto","background-attachment":"scroll","background-type":"","background-media":"","overlay-type":"","overlay-color":"","overlay-opacity":"","overlay-gradient":""},"tablet":{"background-color":"","background-image":"","background-repeat":"repeat","background-position":"center center","background-size":"auto","background-attachment":"scroll","background-type":"","background-media":"","overlay-type":"","overlay-color":"","overlay-opacity":"","overlay-gradient":""},"mobile":{"background-color":"","background-image":"","background-repeat":"repeat","background-position":"center center","background-size":"auto","background-attachment":"scroll","background-type":"","background-media":"","overlay-type":"","overlay-color":"","overlay-opacity":"","overlay-gradient":""}},"ast-content-background-meta":{"desktop":{"background-color":"var(--ast-global-color-5)","background-image":"","background-repeat":"repeat","background-position":"center center","background-size":"auto","background-attachment":"scroll","background-type":"","background-media":"","overlay-type":"","overlay-color":"","overlay-opacity":"","overlay-gradient":""},"tablet":{"background-color":"var(--ast-global-color-5)","background-image":"","background-repeat":"repeat","background-position":"center center","background-size":"auto","background-attachment":"scroll","background-type":"","background-media":"","overlay-type":"","overlay-color":"","overlay-opacity":"","overlay-gradient":""},"mobile":{"background-color":"var(--ast-global-color-5)","background-image":"","background-repeat":"repeat","background-position":"center center","background-size":"auto","background-attachment":"scroll","background-type":"","background-media":"","overlay-type":"","overlay-color":"","overlay-opacity":"","overlay-gradient":""}},"_joinchat":[]},"product_brand":[],"product_cat":[50],"product_tag":[],"class_list":{"0":"post-808","1":"product","2":"type-product","3":"status-publish","4":"has-post-thumbnail","6":"product_cat-talleres","7":"desktop-align-left","8":"tablet-align-left","9":"mobile-align-left","11":"first","12":"instock","13":"taxable","14":"shipping-taxable","15":"purchasable","16":"product-type-simple"},"_links":{"self":[{"href":"https:\/\/guillermofernandezok.com\/index.php\/wp-json\/wp\/v2\/product\/808","targetHints":{"allow":["GET"]}}],"collection":[{"href":"https:\/\/guillermofernandezok.com\/index.php\/wp-json\/wp\/v2\/product"}],"about":[{"href":"https:\/\/guillermofernandezok.com\/index.php\/wp-json\/wp\/v2\/types\/product"}],"replies":[{"embeddable":true,"href":"https:\/\/guillermofernandezok.com\/index.php\/wp-json\/wp\/v2\/comments?post=808"}],"wp:featuredmedia":[{"embeddable":true,"href":"https:\/\/guillermofernandezok.com\/index.php\/wp-json\/wp\/v2\/media\/924"}],"wp:attachment":[{"href":"https:\/\/guillermofernandezok.com\/index.php\/wp-json\/wp\/v2\/media?parent=808"}],"wp:term":[{"taxonomy":"product_brand","embeddable":true,"href":"https:\/\/guillermofernandezok.com\/index.php\/wp-json\/wp\/v2\/product_brand?post=808"},{"taxonomy":"product_cat","embeddable":true,"href":"https:\/\/guillermofernandezok.com\/index.php\/wp-json\/wp\/v2\/product_cat?post=808"},{"taxonomy":"product_tag","embeddable":true,"href":"https:\/\/guillermofernandezok.com\/index.php\/wp-json\/wp\/v2\/product_tag?post=808"}],"curies":[{"name":"wp","href":"https:\/\/api.w.org\/{rel}","templated":true}]}}