{"id":804,"date":"2021-09-30T18:21:08","date_gmt":"2021-09-30T18:21:08","guid":{"rendered":"https:\/\/guillermofernandezok.com\/?post_type=product&#038;p=804"},"modified":"2024-04-27T00:22:47","modified_gmt":"2024-04-27T00:22:47","slug":"registros-akashicos-nivel-i","status":"publish","type":"product","link":"https:\/\/guillermofernandezok.com\/index.php\/producto\/registros-akashicos-nivel-i\/","title":{"rendered":"Registros Akashicos &#8211; NIVEL I y NIVEL II"},"content":{"rendered":"<p><span style=\"vertical-align: inherit;\"><span style=\"vertical-align: inherit;\">Registros Akashicos es&#8230; Una t\u00e9cnica simple y profunda de conexi\u00f3n con nosotros mismos y la sabidur\u00eda del alma universal. <\/span><span style=\"vertical-align: inherit;\">Tiene dos niveles o procesos de aprendizaje. <\/span><span style=\"vertical-align: inherit;\">Puede tomarse como herramienta de autoconocimiento (nivel 1) y\/o como herramienta de servicio con otros (nivel 2), totalmente complementaria con otras t\u00e9cnicas hol\u00edsticas.<\/span><\/span><\/p>\n<p><span style=\"vertical-align: inherit;\"><span style=\"vertical-align: inherit;\">En este aprendizaje transitamos el nivel 2, desarrollo de lecturas de registros akashicos a terceros (personas, lugares, objetos) un proceso en el que vamos descubriendo tanto a recibir la canalizaci\u00f3n para el otro, como tambi\u00e9n a saber comunicarla y saber transitar las dificultades que se presenta en la experiencia de una lectura.<\/span><\/span><\/p>\n<p><span style=\"vertical-align: inherit;\"><span style=\"vertical-align: inherit;\">Accede a una experiencia de aprendizaje te\u00f3rico y pr\u00e1ctico que te permite explorar la experiencia del desarrollo de la intuici\u00f3n y receptividad de manera integral.<\/span><\/span><\/p>\n<p><span style=\"vertical-align: inherit;\"><span style=\"vertical-align: inherit;\">AMBOS NIVELES;TANTO EL NIVEL IY II , EL VALOR ES UNIFICADO.<\/span><\/span><\/p>\n<p><span style=\"vertical-align: inherit;\"><span style=\"vertical-align: inherit;\">plataforma zoom<\/span><\/span><\/p>\n<p><span style=\"vertical-align: inherit;\"><span style=\"vertical-align: inherit;\">Maestro de Registros akashicos<\/span><\/span><\/p>\n<p><span style=\"vertical-align: inherit;\"><span style=\"vertical-align: inherit;\">Contenido \u00ae copyright &#8211; Guillermo Fern\u00e1ndez<\/span><\/span><\/p>\n","protected":false},"excerpt":{"rendered":"<p>Registros Akashicos es&#8230; Una t\u00e9cnica simple y profunda de conexi\u00f3n con nosotros mismos y la sabidur\u00eda del alma universal. Tiene dos niveles o procesos de aprendizaje. Puede tomarse como herramienta de autoconocimiento (nivel 1) y\/o como herramienta de servicio con otros (nivel 2), totalmente complementaria con otras t\u00e9cnicas hol\u00edsticas. En este aprendizaje transitamos el nivel [&hellip;]<\/p>\n","protected":false},"featured_media":922,"comment_status":"open","ping_status":"closed","template":"","meta":{"site-sidebar-layout":"default","site-content-layout":"default","ast-site-content-layout":"default","site-content-style":"default","site-sidebar-style":"default","ast-global-header-display":"","ast-banner-title-visibility":"","ast-main-header-display":"","ast-hfb-above-header-display":"","ast-hfb-below-header-display":"","ast-hfb-mobile-header-display":"","site-post-title":"","ast-breadcrumbs-content":"","ast-featured-img":"","footer-sml-layout":"","ast-disable-related-posts":"","theme-transparent-header-meta":"default","adv-header-id-meta":"","stick-header-meta":"","header-above-stick-meta":"","header-main-stick-meta":"","header-below-stick-meta":"","astra-migrate-meta-layouts":"default","ast-page-background-enabled":"default","ast-page-background-meta":{"desktop":{"background-color":"var(--ast-global-color-4)","background-image":"","background-repeat":"repeat","background-position":"center center","background-size":"auto","background-attachment":"scroll","background-type":"","background-media":"","overlay-type":"","overlay-color":"","overlay-opacity":"","overlay-gradient":""},"tablet":{"background-color":"","background-image":"","background-repeat":"repeat","background-position":"center center","background-size":"auto","background-attachment":"scroll","background-type":"","background-media":"","overlay-type":"","overlay-color":"","overlay-opacity":"","overlay-gradient":""},"mobile":{"background-color":"","background-image":"","background-repeat":"repeat","background-position":"center center","background-size":"auto","background-attachment":"scroll","background-type":"","background-media":"","overlay-type":"","overlay-color":"","overlay-opacity":"","overlay-gradient":""}},"ast-content-background-meta":{"desktop":{"background-color":"var(--ast-global-color-5)","background-image":"","background-repeat":"repeat","background-position":"center center","background-size":"auto","background-attachment":"scroll","background-type":"","background-media":"","overlay-type":"","overlay-color":"","overlay-opacity":"","overlay-gradient":""},"tablet":{"background-color":"var(--ast-global-color-5)","background-image":"","background-repeat":"repeat","background-position":"center center","background-size":"auto","background-attachment":"scroll","background-type":"","background-media":"","overlay-type":"","overlay-color":"","overlay-opacity":"","overlay-gradient":""},"mobile":{"background-color":"var(--ast-global-color-5)","background-image":"","background-repeat":"repeat","background-position":"center center","background-size":"auto","background-attachment":"scroll","background-type":"","background-media":"","overlay-type":"","overlay-color":"","overlay-opacity":"","overlay-gradient":""}},"_joinchat":[]},"product_brand":[],"product_cat":[47],"product_tag":[54],"class_list":{"0":"post-804","1":"product","2":"type-product","3":"status-publish","4":"has-post-thumbnail","6":"product_cat-cursos","7":"product_tag-registros-akashicos-nivel-i","8":"desktop-align-left","9":"tablet-align-left","10":"mobile-align-left","12":"first","13":"instock","14":"taxable","15":"shipping-taxable","16":"purchasable","17":"product-type-simple"},"_links":{"self":[{"href":"https:\/\/guillermofernandezok.com\/index.php\/wp-json\/wp\/v2\/product\/804","targetHints":{"allow":["GET"]}}],"collection":[{"href":"https:\/\/guillermofernandezok.com\/index.php\/wp-json\/wp\/v2\/product"}],"about":[{"href":"https:\/\/guillermofernandezok.com\/index.php\/wp-json\/wp\/v2\/types\/product"}],"replies":[{"embeddable":true,"href":"https:\/\/guillermofernandezok.com\/index.php\/wp-json\/wp\/v2\/comments?post=804"}],"wp:featuredmedia":[{"embeddable":true,"href":"https:\/\/guillermofernandezok.com\/index.php\/wp-json\/wp\/v2\/media\/922"}],"wp:attachment":[{"href":"https:\/\/guillermofernandezok.com\/index.php\/wp-json\/wp\/v2\/media?parent=804"}],"wp:term":[{"taxonomy":"product_brand","embeddable":true,"href":"https:\/\/guillermofernandezok.com\/index.php\/wp-json\/wp\/v2\/product_brand?post=804"},{"taxonomy":"product_cat","embeddable":true,"href":"https:\/\/guillermofernandezok.com\/index.php\/wp-json\/wp\/v2\/product_cat?post=804"},{"taxonomy":"product_tag","embeddable":true,"href":"https:\/\/guillermofernandezok.com\/index.php\/wp-json\/wp\/v2\/product_tag?post=804"}],"curies":[{"name":"wp","href":"https:\/\/api.w.org\/{rel}","templated":true}]}}