{"id":1120,"date":"2022-03-14T01:35:19","date_gmt":"2022-03-14T01:35:19","guid":{"rendered":"https:\/\/guillermofernandezok.com\/?post_type=product&#038;p=1120"},"modified":"2024-04-27T00:17:30","modified_gmt":"2024-04-27T00:17:30","slug":"el-rito-utero-linaje-femenino","status":"publish","type":"product","link":"https:\/\/guillermofernandezok.com\/index.php\/producto\/el-rito-utero-linaje-femenino\/","title":{"rendered":"EL RITO UTERO (linaje femenino)"},"content":{"rendered":"<h4><strong><span style=\"vertical-align: inherit;\"><span style=\"vertical-align: inherit;\">De que se trata el taller\u00a0 <\/span><\/span><img decoding=\"async\" class=\"emoji\" role=\"img\" draggable=\"false\" src=\"https:\/\/s.w.org\/images\/core\/emoji\/13.0.1\/svg\/1f49f.svg\" alt=\"\ud83d\udc9f\" \/><span style=\"vertical-align: inherit;\"><span style=\"vertical-align: inherit;\">?<\/span><\/span><\/strong><\/h4>\n<div><span style=\"vertical-align: inherit;\"><span style=\"vertical-align: inherit;\">\u00abEl \u00datero es un lugar para crear y dar luz a la vida, es la fuente del amor pleno, ah\u00ed no habita ni el miedo, ni el dolor, cuando sanamos desde lo m\u00e1s profundo de la gestaci\u00f3n de la vida, podemos estar en conexi\u00f3n con la ley natural del amor, liberar a nuestras antecesoras del clan y depuramos el linaje femenino\u00bb.<\/span><\/span><\/div>\n<div><\/div>\n<div><span style=\"vertical-align: inherit;\"><span style=\"vertical-align: inherit;\">En este ritual vamos a sanar las memorias ancestrales y nos vamos a conectar con el poder de la Energ\u00eda Femenina.<\/span><\/span><\/div>\n<div><span style=\"vertical-align: inherit;\"><span style=\"vertical-align: inherit;\">Vamos a soltar miedos, prejuicios, angustias, frustraciones y bloqueos.<\/span><\/span><\/div>\n<div><span style=\"vertical-align: inherit;\"><span style=\"vertical-align: inherit;\">Cuando realizamos el Rito del \u00datero estamos sanado nuestro \u00datero y el de 7 generaciones para atr\u00e1s y 7 generaciones para adelante.<\/span><\/span><\/div>\n<div><\/div>\n<div>\n<p dir=\"ltr\"><strong><span style=\"vertical-align: inherit;\"><span style=\"vertical-align: inherit;\">\u00bfQU\u00c9 VOY A NECESITAR PARA REALIZAR EL RITO DEL \u00daTERO?<\/span><\/span><\/strong><\/p>\n<ul>\n<li><span style=\"vertical-align: inherit;\"><span style=\"vertical-align: inherit;\">MANTA PARA ARMAR EL ALTAR<\/span><\/span><\/li>\n<li><span style=\"vertical-align: inherit;\"><span style=\"vertical-align: inherit;\">RECIPIENTE CON AGUA<\/span><\/span><\/li>\n<li><span style=\"vertical-align: inherit;\"><span style=\"vertical-align: inherit;\">VELA DE NOCHE<\/span><\/span><\/li>\n<li><span style=\"vertical-align: inherit;\"><span style=\"vertical-align: inherit;\">PIEDRA \u2013 CRISTAL (el cual despues vamos a enterrar)<\/span><\/span><\/li>\n<li><span style=\"vertical-align: inherit;\"><span style=\"vertical-align: inherit;\">FOTOS DE MUJERES QUE TE INSPIREN, MUJERES DE TU FAMILIA, VIRGENES, DIOSAS, ETC<\/span><\/span><\/li>\n<li><span style=\"vertical-align: inherit;\"><span style=\"vertical-align: inherit;\">SAHUMERIO, SAHUMO, HIERBAS PARA SAHUMAR<\/span><\/span><\/li>\n<li><span style=\"vertical-align: inherit;\"><span style=\"vertical-align: inherit;\">BITACORA Y LAPICERA<\/span><\/span><\/li>\n<li dir=\"ltr\" role=\"presentation\"><span style=\"vertical-align: inherit;\"><span style=\"vertical-align: inherit;\">Opcional: FLORES<\/span><\/span><\/li>\n<\/ul>\n<div>\n<p dir=\"ltr\"><strong><span style=\"vertical-align: inherit;\"><span style=\"vertical-align: inherit;\">RECOMENDACION:<\/span><\/span><\/strong><\/p>\n<p dir=\"ltr\"><span style=\"vertical-align: inherit;\"><span style=\"vertical-align: inherit;\">Usar, vestido, pollera o pantal\u00f3n suelto para el rito.<\/span><\/span><\/p>\n<p dir=\"ltr\"><span style=\"vertical-align: inherit;\"><span style=\"vertical-align: inherit;\">\u00bfC\u00f3mo armar mi altar?<\/span><\/span><\/p>\n<p dir=\"ltr\"><span style=\"vertical-align: inherit;\"><span style=\"vertical-align: inherit;\">Vas a poner la manta sobre el piso o sobre la mesa, vas colocar el recipiente con agua y alado si lo sentiste algunos cristales, tambi\u00e9n podes utilizar cristales dentro del agua (recorda que no todas las piedras pueden estar en contacto mucho tiempo con el agua ).<\/span><\/span><\/p>\n<p dir=\"ltr\"><span style=\"vertical-align: inherit;\"><span style=\"vertical-align: inherit;\">Si queres podes prender una vela.<\/span><\/span><\/p>\n<p dir=\"ltr\"><span style=\"vertical-align: inherit;\"><span style=\"vertical-align: inherit;\">La vela de noche la vas a tener a mano porque la vamos a prender una vez que iniciamos el ritual (siempre es mejor encender todo con f\u00f3sforos)<\/span><\/span><\/p>\n<p dir=\"ltr\"><span style=\"vertical-align: inherit;\"><span style=\"vertical-align: inherit;\">Si a tu altar decidiste incluirle fotos de las mujeres que te inspiran, las vas a tener a la vista, si son varias podes crear un circulo con ellas.<\/span><\/span><\/p>\n<p dir=\"ltr\"><span style=\"vertical-align: inherit;\"><span style=\"vertical-align: inherit;\">Vas a tener a mano el cuaderno\/bit\u00e1cora y una lapicera.<\/span><\/span><\/p>\n<p dir=\"ltr\"><span style=\"vertical-align: inherit;\"><span style=\"vertical-align: inherit;\">Podes sumar flores alrededor de tu altar, en un florero, en una maceta o sentada afuera rodeada de plantas.<\/span><\/span><\/p>\n<p dir=\"ltr\"><span style=\"vertical-align: inherit;\"><span style=\"vertical-align: inherit;\">Podes prender algun sahumo o sahumerio de rosas, recorda que el humo es transmutador y es ideal para todos los rituales.<\/span><\/span><\/p>\n<p dir=\"ltr\"><span style=\"vertical-align: inherit;\"><span style=\"vertical-align: inherit;\">El cristal que vamos a usar para despu\u00e9s enterrar lo vas a tener siempre con vos en la mano.<\/span><\/span><\/p>\n<p dir=\"ltr\"><span style=\"vertical-align: inherit;\"><span style=\"vertical-align: inherit;\">Y recorda de crear tu altar como lo sientas, si queres sumar algo m\u00e1s podes hacerlo, deja que tu intuici\u00f3n y tu creatividad fluya.<\/span><\/span><\/p>\n<p><strong><span style=\"vertical-align: inherit;\"><span style=\"vertical-align: inherit;\">PREGUNTAS FRECUENTES:<\/span><\/span><\/strong><\/p>\n<\/div>\n<div><\/div>\n<div>\n<p dir=\"ltr\"><strong><span style=\"vertical-align: inherit;\"><span style=\"vertical-align: inherit;\">\u00bfPARA QU\u00c9 ES EL RITO DEL \u00daTERO?<\/span><\/span><\/strong><\/p>\n<p dir=\"ltr\"><span style=\"vertical-align: inherit;\"><span style=\"vertical-align: inherit;\">El Rito del \u00datero es una iniciaci\u00f3n dada por linaje de mujeres donde se libera el sufrimiento y nos hace recordar que no vinimos a sufrir, sino a ser poderosas creadoras.<\/span><\/span><\/p>\n<p dir=\"ltr\"><strong><span style=\"vertical-align: inherit;\"><span style=\"vertical-align: inherit;\">\u00bfQu\u00e9 SIGNIFICA MUNAY-KI?<\/span><\/span><\/strong><\/p>\n<p dir=\"ltr\"><span style=\"vertical-align: inherit;\"><span style=\"vertical-align: inherit;\">La palabra Munay-Ki es un concepto quechua que significa \u201cpoder del amor\u201d, refiri\u00e9ndose al amor incondicional que el Creador tiene por la Creaci\u00f3n.<\/span><\/span><\/p>\n<p dir=\"ltr\"><span style=\"vertical-align: inherit;\"><span style=\"vertical-align: inherit;\">El Munay-Ki puede borrar las heridas k\u00e1rmicas y gen\u00e9ticas del pasado. <\/span><span style=\"vertical-align: inherit;\">Munay-Ki actualiza el ADN, lo que permite a una persona crear un nuevo cuerpo que sana, envejece y muere de una manera diferente y m\u00e1s favorable.<\/span><\/span><\/p>\n<p dir=\"ltr\"><strong><span style=\"vertical-align: inherit;\"><span style=\"vertical-align: inherit;\">\u00bfQUI\u00c9N PUEDE REALIZAR EL RITO DEL \u00daTERO?<\/span><\/span><\/strong><\/p>\n<p dir=\"ltr\"><span style=\"vertical-align: inherit;\"><span style=\"vertical-align: inherit;\">MUJERES Y HOMBRES<\/span><\/span><\/p>\n<p dir=\"ltr\"><span style=\"vertical-align: inherit;\"><span style=\"vertical-align: inherit;\">\u00bfUNA MUJER SIN \u00daTERO LO PUEDE REALIZAR?<\/span><\/span><\/p>\n<p dir=\"ltr\"><span style=\"vertical-align: inherit;\"><span style=\"vertical-align: inherit;\">Si ya que el \u00datero sigue en nuestro cuerpo de forma energ\u00e9tica.<\/span><\/span><\/p>\n<p><span style=\"vertical-align: inherit;\"><span style=\"vertical-align: inherit;\">valor del taller : $30000.- PRECIO ARGENTINA.<\/span><\/span><\/p>\n<p><span style=\"vertical-align: inherit;\"><span style=\"vertical-align: inherit;\">CONSULTAR PRECIO EXTERIOR.<\/span><\/span><\/p>\n<\/div>\n<div><span style=\"vertical-align: inherit;\"><span style=\"vertical-align: inherit;\">Te vas a llevar a cabo un PFD con actividades de autoconocimiento para seguir potenciando tu energ\u00eda.<\/span><\/span><\/div>\n<\/div>\n","protected":false},"excerpt":{"rendered":"<p>De que se trata el taller\u00a0 ? \u00abEl \u00datero es un lugar para crear y dar luz a la vida, es la fuente del amor pleno, ah\u00ed no habita ni el miedo, ni el dolor, cuando sanamos desde lo m\u00e1s profundo de la gestaci\u00f3n de la vida, podemos estar en conexi\u00f3n con la ley natural [&hellip;]<\/p>\n","protected":false},"featured_media":1121,"comment_status":"open","ping_status":"closed","template":"","meta":{"site-sidebar-layout":"default","site-content-layout":"default","ast-site-content-layout":"default","site-content-style":"default","site-sidebar-style":"default","ast-global-header-display":"","ast-banner-title-visibility":"","ast-main-header-display":"","ast-hfb-above-header-display":"","ast-hfb-below-header-display":"","ast-hfb-mobile-header-display":"","site-post-title":"","ast-breadcrumbs-content":"","ast-featured-img":"","footer-sml-layout":"","ast-disable-related-posts":"","theme-transparent-header-meta":"default","adv-header-id-meta":"","stick-header-meta":"","header-above-stick-meta":"","header-main-stick-meta":"","header-below-stick-meta":"","astra-migrate-meta-layouts":"default","ast-page-background-enabled":"default","ast-page-background-meta":{"desktop":{"background-color":"var(--ast-global-color-4)","background-image":"","background-repeat":"repeat","background-position":"center center","background-size":"auto","background-attachment":"scroll","background-type":"","background-media":"","overlay-type":"","overlay-color":"","overlay-opacity":"","overlay-gradient":""},"tablet":{"background-color":"","background-image":"","background-repeat":"repeat","background-position":"center center","background-size":"auto","background-attachment":"scroll","background-type":"","background-media":"","overlay-type":"","overlay-color":"","overlay-opacity":"","overlay-gradient":""},"mobile":{"background-color":"","background-image":"","background-repeat":"repeat","background-position":"center center","background-size":"auto","background-attachment":"scroll","background-type":"","background-media":"","overlay-type":"","overlay-color":"","overlay-opacity":"","overlay-gradient":""}},"ast-content-background-meta":{"desktop":{"background-color":"var(--ast-global-color-5)","background-image":"","background-repeat":"repeat","background-position":"center center","background-size":"auto","background-attachment":"scroll","background-type":"","background-media":"","overlay-type":"","overlay-color":"","overlay-opacity":"","overlay-gradient":""},"tablet":{"background-color":"var(--ast-global-color-5)","background-image":"","background-repeat":"repeat","background-position":"center center","background-size":"auto","background-attachment":"scroll","background-type":"","background-media":"","overlay-type":"","overlay-color":"","overlay-opacity":"","overlay-gradient":""},"mobile":{"background-color":"var(--ast-global-color-5)","background-image":"","background-repeat":"repeat","background-position":"center center","background-size":"auto","background-attachment":"scroll","background-type":"","background-media":"","overlay-type":"","overlay-color":"","overlay-opacity":"","overlay-gradient":""}},"_joinchat":[]},"product_brand":[],"product_cat":[15],"product_tag":[],"class_list":{"0":"post-1120","1":"product","2":"type-product","3":"status-publish","4":"has-post-thumbnail","6":"product_cat-sin-categorizar","7":"desktop-align-left","8":"tablet-align-left","9":"mobile-align-left","11":"first","12":"instock","13":"taxable","14":"shipping-taxable","15":"purchasable","16":"product-type-simple"},"_links":{"self":[{"href":"https:\/\/guillermofernandezok.com\/index.php\/wp-json\/wp\/v2\/product\/1120","targetHints":{"allow":["GET"]}}],"collection":[{"href":"https:\/\/guillermofernandezok.com\/index.php\/wp-json\/wp\/v2\/product"}],"about":[{"href":"https:\/\/guillermofernandezok.com\/index.php\/wp-json\/wp\/v2\/types\/product"}],"replies":[{"embeddable":true,"href":"https:\/\/guillermofernandezok.com\/index.php\/wp-json\/wp\/v2\/comments?post=1120"}],"wp:featuredmedia":[{"embeddable":true,"href":"https:\/\/guillermofernandezok.com\/index.php\/wp-json\/wp\/v2\/media\/1121"}],"wp:attachment":[{"href":"https:\/\/guillermofernandezok.com\/index.php\/wp-json\/wp\/v2\/media?parent=1120"}],"wp:term":[{"taxonomy":"product_brand","embeddable":true,"href":"https:\/\/guillermofernandezok.com\/index.php\/wp-json\/wp\/v2\/product_brand?post=1120"},{"taxonomy":"product_cat","embeddable":true,"href":"https:\/\/guillermofernandezok.com\/index.php\/wp-json\/wp\/v2\/product_cat?post=1120"},{"taxonomy":"product_tag","embeddable":true,"href":"https:\/\/guillermofernandezok.com\/index.php\/wp-json\/wp\/v2\/product_tag?post=1120"}],"curies":[{"name":"wp","href":"https:\/\/api.w.org\/{rel}","templated":true}]}}