{"id":1109,"date":"2022-02-28T20:18:23","date_gmt":"2022-02-28T20:18:23","guid":{"rendered":"https:\/\/guillermofernandezok.com\/?post_type=product&#038;p=1109"},"modified":"2024-04-27T00:30:04","modified_gmt":"2024-04-27T00:30:04","slug":"taller-llama-gemela","status":"publish","type":"product","link":"https:\/\/guillermofernandezok.com\/index.php\/producto\/taller-llama-gemela\/","title":{"rendered":"TALLER LLAMA GEMELA"},"content":{"rendered":"<p><span style=\"vertical-align: inherit;\"><span style=\"vertical-align: inherit;\">El Arc\u00e1ngel Chamuel, tendr\u00e1n su potente rayo rosado a tu coraz\u00f3n, para sanar aquellos bloqueos que podr\u00edan estar impidi\u00e9ndote amarte a ti, ya los dem\u00e1s.<\/span><\/span><\/p>\n<p><span style=\"vertical-align: inherit;\"><span style=\"vertical-align: inherit;\">Independientemente de si deseas o no pareja, el Arc\u00e1ngel Chamuel, te reconectar\u00e1 energ\u00e9ticamente a tu otra mitad, tu llama gemela, para ayudarte a trabajar con ella desde el et\u00e9rico primeramente, y si vuestras almas as\u00ed lo podr\u00edan pactar, facilitar el reencuentro f\u00edsico. <\/span><span style=\"vertical-align: inherit;\">Obteniendo as\u00ed avance espiritual ambas partes.<\/span><\/span><\/p>\n<p><span style=\"vertical-align: inherit;\"><span style=\"vertical-align: inherit;\">Se te explicar\u00e1 la diferencia entre llama gemela y alma gemela, c\u00f3mo se conforman, distintos tipos de llamas gemelas&#8230;<\/span><\/span><\/p>\n<p><span style=\"vertical-align: inherit;\"><span style=\"vertical-align: inherit;\">Tambi\u00e9n haremos una meditaci\u00f3n para contactar con tu otra mitad, ayudados por el Arc\u00e1ngel, donde tal vez \u00e9l\/ella te facilitar\u00e1 respuestas.<\/span><\/span><\/p>\n<p><span style=\"vertical-align: inherit;\"><span style=\"vertical-align: inherit;\">Cuando dos llamas gemelas se reencuentran, el resplandor de sus corazones es de una vibraci\u00f3n tan elevada, que hace que todo lo que est\u00e9 por debajo de dicha vibraci\u00f3n se desvanezca. <\/span><span style=\"vertical-align: inherit;\">Es una gran ayuda a la humanidad. <\/span><\/span><br \/>\n<span style=\"vertical-align: inherit;\"><span style=\"vertical-align: inherit;\">Este momento es tan m\u00e1gico, que sentimos que hemos recuperado algo muy importante para nosotros. <\/span><span style=\"vertical-align: inherit;\">Aumentamos as\u00ed la vibraci\u00f3n del planeta, para que pueda avanzar de forma m\u00e1s armoniosa en su proceso de ascensi\u00f3n.<\/span><\/span><\/p>\n<p><span style=\"vertical-align: inherit;\"><span style=\"vertical-align: inherit;\">AHORA ES EL MOMENTO DE REUNI\u00d3N DE LAS LLAMAS GEMELAS. <\/span><span style=\"vertical-align: inherit;\">\u00a1\u00a1EL MUNDO LAS NECESITA PARA ELEVAR SU VIBRACI\u00d3N<\/span><\/span><\/p>\n<p><span style=\"vertical-align: inherit;\"><span style=\"vertical-align: inherit;\">Realizaremos meditaciones de conexi\u00f3n con nuestra llama y almas gemelas.<\/span><\/span><\/p>\n<p><span style=\"vertical-align: inherit;\"><span style=\"vertical-align: inherit;\">Aprenderemos a conectarnos con nuestras gu\u00edas y maestros de luz para establecer la conexi\u00f3n con estas almas tan pr\u00f3ximas a nosotros.<\/span><\/span><\/p>\n<p><span style=\"vertical-align: inherit;\"><span style=\"vertical-align: inherit;\">Aprenderemos tambi\u00e9n a identificar se\u00f1ales que nos dan la pista cuando nos encontremos delante de una de estas almas.<\/span><\/span><\/p>\n<p><span style=\"vertical-align: inherit;\"><span style=\"vertical-align: inherit;\">Aprenderemos a mandar se\u00f1ales telep\u00e1ticas a estos seres.<\/span><\/span><\/p>\n<p><span style=\"vertical-align: inherit;\"><span style=\"vertical-align: inherit;\">Aprenderemos a sanar la carga k\u00e1rmica que podamos traer de otras vidas y que est\u00e9 dificultando el encuentro.<\/span><\/span><\/p>\n<p><span style=\"vertical-align: inherit;\"><span style=\"vertical-align: inherit;\">VALOR POR PERSONA : $30000.- PESOS ARGENTINOS<\/span><\/span><\/p>\n<p><span style=\"vertical-align: inherit;\"><span style=\"vertical-align: inherit;\">VALOR PARA M\u00c9XICO: 1000 PESOS MEXICANOS.<\/span><\/span><\/p>\n<p><span style=\"vertical-align: inherit;\"><span style=\"vertical-align: inherit;\">VALOR PARA CHILE: 30.000 PESOS CHILENOS.<\/span><\/span><\/p>\n<p><span style=\"vertical-align: inherit;\"><span style=\"vertical-align: inherit;\">VALOR PARA PER\u00da: 1000 SOLES.<\/span><\/span><\/p>\n<p><span style=\"vertical-align: inherit;\"><span style=\"vertical-align: inherit;\">UE \/ USA : 30 euros\/ 30 DOLARES.<\/span><\/span><\/p>\n<p>&nbsp;<\/p>\n","protected":false},"excerpt":{"rendered":"<p>El Arc\u00e1ngel Chamuel, tendr\u00e1n su potente rayo rosado a tu coraz\u00f3n, para sanar aquellos bloqueos que podr\u00edan estar impidi\u00e9ndote amarte a ti, ya los dem\u00e1s. Independientemente de si deseas o no pareja, el Arc\u00e1ngel Chamuel, te reconectar\u00e1 energ\u00e9ticamente a tu otra mitad, tu llama gemela, para ayudarte a trabajar con ella desde el et\u00e9rico primeramente, [&hellip;]<\/p>\n","protected":false},"featured_media":1105,"comment_status":"open","ping_status":"closed","template":"","meta":{"site-sidebar-layout":"default","site-content-layout":"default","ast-site-content-layout":"default","site-content-style":"default","site-sidebar-style":"default","ast-global-header-display":"","ast-banner-title-visibility":"","ast-main-header-display":"","ast-hfb-above-header-display":"","ast-hfb-below-header-display":"","ast-hfb-mobile-header-display":"","site-post-title":"","ast-breadcrumbs-content":"","ast-featured-img":"","footer-sml-layout":"","ast-disable-related-posts":"","theme-transparent-header-meta":"default","adv-header-id-meta":"","stick-header-meta":"","header-above-stick-meta":"","header-main-stick-meta":"","header-below-stick-meta":"","astra-migrate-meta-layouts":"default","ast-page-background-enabled":"default","ast-page-background-meta":{"desktop":{"background-color":"var(--ast-global-color-4)","background-image":"","background-repeat":"repeat","background-position":"center center","background-size":"auto","background-attachment":"scroll","background-type":"","background-media":"","overlay-type":"","overlay-color":"","overlay-opacity":"","overlay-gradient":""},"tablet":{"background-color":"","background-image":"","background-repeat":"repeat","background-position":"center center","background-size":"auto","background-attachment":"scroll","background-type":"","background-media":"","overlay-type":"","overlay-color":"","overlay-opacity":"","overlay-gradient":""},"mobile":{"background-color":"","background-image":"","background-repeat":"repeat","background-position":"center center","background-size":"auto","background-attachment":"scroll","background-type":"","background-media":"","overlay-type":"","overlay-color":"","overlay-opacity":"","overlay-gradient":""}},"ast-content-background-meta":{"desktop":{"background-color":"var(--ast-global-color-5)","background-image":"","background-repeat":"repeat","background-position":"center center","background-size":"auto","background-attachment":"scroll","background-type":"","background-media":"","overlay-type":"","overlay-color":"","overlay-opacity":"","overlay-gradient":""},"tablet":{"background-color":"var(--ast-global-color-5)","background-image":"","background-repeat":"repeat","background-position":"center center","background-size":"auto","background-attachment":"scroll","background-type":"","background-media":"","overlay-type":"","overlay-color":"","overlay-opacity":"","overlay-gradient":""},"mobile":{"background-color":"var(--ast-global-color-5)","background-image":"","background-repeat":"repeat","background-position":"center center","background-size":"auto","background-attachment":"scroll","background-type":"","background-media":"","overlay-type":"","overlay-color":"","overlay-opacity":"","overlay-gradient":""}},"_joinchat":[]},"product_brand":[],"product_cat":[50],"product_tag":[],"class_list":{"0":"post-1109","1":"product","2":"type-product","3":"status-publish","4":"has-post-thumbnail","6":"product_cat-talleres","7":"desktop-align-left","8":"tablet-align-left","9":"mobile-align-left","11":"first","12":"instock","13":"taxable","14":"shipping-taxable","15":"purchasable","16":"product-type-simple"},"_links":{"self":[{"href":"https:\/\/guillermofernandezok.com\/index.php\/wp-json\/wp\/v2\/product\/1109","targetHints":{"allow":["GET"]}}],"collection":[{"href":"https:\/\/guillermofernandezok.com\/index.php\/wp-json\/wp\/v2\/product"}],"about":[{"href":"https:\/\/guillermofernandezok.com\/index.php\/wp-json\/wp\/v2\/types\/product"}],"replies":[{"embeddable":true,"href":"https:\/\/guillermofernandezok.com\/index.php\/wp-json\/wp\/v2\/comments?post=1109"}],"wp:featuredmedia":[{"embeddable":true,"href":"https:\/\/guillermofernandezok.com\/index.php\/wp-json\/wp\/v2\/media\/1105"}],"wp:attachment":[{"href":"https:\/\/guillermofernandezok.com\/index.php\/wp-json\/wp\/v2\/media?parent=1109"}],"wp:term":[{"taxonomy":"product_brand","embeddable":true,"href":"https:\/\/guillermofernandezok.com\/index.php\/wp-json\/wp\/v2\/product_brand?post=1109"},{"taxonomy":"product_cat","embeddable":true,"href":"https:\/\/guillermofernandezok.com\/index.php\/wp-json\/wp\/v2\/product_cat?post=1109"},{"taxonomy":"product_tag","embeddable":true,"href":"https:\/\/guillermofernandezok.com\/index.php\/wp-json\/wp\/v2\/product_tag?post=1109"}],"curies":[{"name":"wp","href":"https:\/\/api.w.org\/{rel}","templated":true}]}}