{"id":1081,"date":"2022-02-17T02:57:51","date_gmt":"2022-02-17T02:57:51","guid":{"rendered":"https:\/\/guillermofernandezok.com\/?post_type=product&#038;p=1081"},"modified":"2025-02-10T00:44:49","modified_gmt":"2025-02-10T00:44:49","slug":"mini-retiro","status":"publish","type":"product","link":"https:\/\/guillermofernandezok.com\/index.php\/producto\/mini-retiro\/","title":{"rendered":"MINI RETIRO"},"content":{"rendered":"<p><span style=\"vertical-align: inherit;\"><span style=\"vertical-align: inherit;\">El MINI RETIRO de Guillermo Fern\u00e1ndez es una invitaci\u00f3n a tomarnos un tiempo, para descubrir el sentido de nuestra vida. <\/span><\/span><br \/>\n<span style=\"vertical-align: inherit;\"><span style=\"vertical-align: inherit;\">Un tiempo para detenernos a mirar en Silencio, crecer en la capacidad de escucha, aprender a estar despiertos y atentos a nosotros mismos, a los dem\u00e1s, ya Dios. <\/span><span style=\"vertical-align: inherit;\">\u00a1Descubre qui\u00e9nes somos, d\u00f3nde estamos, para qu\u00e9 estamos en la vida\u2026! <\/span><\/span><br \/>\n<span style=\"vertical-align: inherit;\"><span style=\"vertical-align: inherit;\">Una invitaci\u00f3n a desarrollar en nosotros el don de la contemplaci\u00f3n.<\/span><\/span><\/p>\n<p><span style=\"vertical-align: inherit;\"><span style=\"vertical-align: inherit;\">Se propone para solo dos (6) personas por MINI RETIRO.<\/span><\/span><\/p>\n<p><span style=\"vertical-align: inherit;\"><span style=\"vertical-align: inherit;\">\u00bfPor qu\u00e9? <\/span><span style=\"vertical-align: inherit;\">Porque se brinda una sesi\u00f3n individual sobre: \u200b\u200bCANALIZACION, MEDIUNIDAD. <\/span><span style=\"vertical-align: inherit;\">Conexi\u00f3n con todos los seres de otros planos. <\/span><span style=\"vertical-align: inherit;\">Descubrir que seres se presentan en ese momento.<\/span><\/span><\/p>\n<p><span style=\"vertical-align: inherit;\"><span style=\"vertical-align: inherit;\">La misma nos lleva AMPLIO tiempo en la\u00a0 sesi\u00f3n \u2013La conexi\u00f3n es muy profunda y muy comprometida con la energ\u00eda. <\/span><span style=\"vertical-align: inherit;\">Por lo cual, se estar\u00e1 moviendo mucha de ella.<\/span><\/span><\/p>\n<p><span style=\"vertical-align: inherit;\"><span style=\"vertical-align: inherit;\">Se trabajara en la alineacion de los chackras. <\/span><span style=\"vertical-align: inherit;\">Gestionar nuevas aperturas para la posibilidad de abrir nuevos portales de ascensi\u00f3n. <\/span><span style=\"vertical-align: inherit;\">Tambi\u00e9n se brindar\u00e1 una sesi\u00f3n completa de VIDA PASADAS. <\/span><span style=\"vertical-align: inherit;\">Mediante la herramienta de la HIPNOSIS.<\/span><\/span><\/p>\n<p><span style=\"vertical-align: inherit;\"><span style=\"vertical-align: inherit;\">As\u00ed mismo, en el mismo d\u00eda se otorgar\u00e1 la CONEXI\u00d3N COSMICA con los seres de luz, y adem\u00e1s conectaremos en una sanaci\u00f3n almica con la energ\u00eda de Jes\u00fas y de la madre mar\u00eda. <\/span><span style=\"vertical-align: inherit;\">DOS ENERGIAS MUY POTENTES.<\/span><\/span><\/p>\n<p><span style=\"vertical-align: inherit;\"><span style=\"vertical-align: inherit;\">Se brindar\u00e1 LA MEDITACI\u00d3N CON LOS \u00c1NGELES. <\/span><span style=\"vertical-align: inherit;\">y el espacio de la meditaci\u00f3n de SILENCIO.<\/span><\/span><\/p>\n<p><span style=\"vertical-align: inherit;\"><span style=\"vertical-align: inherit;\">No obstante la caminata por las SIERRAS DE TANDIL. <\/span><span style=\"vertical-align: inherit;\">Caminata guiada y transformadora de la energ\u00eda de nuestro SER.<\/span><\/span><\/p>\n<p>&nbsp;<\/p>\n<ul>\n<li><span style=\"vertical-align: inherit;\"><span style=\"vertical-align: inherit;\">Brindar un espacio de silencio, oraci\u00f3n y comuni\u00f3n que posibilite el encuentro con la naturaleza, con uno mismo, con los dem\u00e1s y con Dios.<\/span><\/span><\/li>\n<\/ul>\n<p>&nbsp;<\/p>\n<ul>\n<li><span style=\"vertical-align: inherit;\"><span style=\"vertical-align: inherit;\">Desarrollar la percepci\u00f3n, la escucha y el silenciarse para poder orar de diferentes maneras y disponer al don de la contemplaci\u00f3n.<\/span><\/span><\/li>\n<\/ul>\n<p>&nbsp;<\/p>\n<ul>\n<li><span style=\"vertical-align: inherit;\"><span style=\"vertical-align: inherit;\">Profundizar la amistad e intimidad con Jesucristo y la Madre Mar\u00eda.<\/span><\/span><\/li>\n<\/ul>\n<p>&nbsp;<\/p>\n<ul>\n<li><span style=\"vertical-align: inherit;\"><span style=\"vertical-align: inherit;\">Integrar la fe a la vida por medio de la oraci\u00f3n.<\/span><\/span><\/li>\n<\/ul>\n<p>&nbsp;<\/p>\n<ul>\n<li><span style=\"vertical-align: inherit;\"><span style=\"vertical-align: inherit;\">Acompa\u00f1ar el proceso de aceptaci\u00f3n y reconciliaci\u00f3n de las personas con sus vidas para que puedan recuperar y asumir desde las entra\u00f1as su historia y se determinen a amar.<\/span><\/span><\/li>\n<\/ul>\n<p>&nbsp;<\/p>\n<ul>\n<li><span style=\"vertical-align: inherit;\"><span style=\"vertical-align: inherit;\">Favorecer la integraci\u00f3n de todas las dimensiones de la persona (corporal, mental, emocional, social y espiritual).<\/span><\/span><\/li>\n<\/ul>\n<p>&nbsp;<\/p>\n<ul>\n<li><span style=\"vertical-align: inherit;\"><span style=\"vertical-align: inherit;\">Favorecer el desbloqueo mental, mediante la sabia herramienta de VIDAS PASADAS.<\/span><\/span><\/li>\n<\/ul>\n<p>&nbsp;<\/p>\n<p><span style=\"vertical-align: inherit;\"><span style=\"vertical-align: inherit;\">INCLUYE :\u00a0 ALMUERZO. EN CASA DE ANTON. UNA PINTOREZCA CASA QUE TIENE UN MENU MUY AMPLIO.<\/span><\/span><\/p>\n<p><strong><span style=\"vertical-align: inherit;\"><span style=\"vertical-align: inherit;\">PRECIO POR PERSONA : $144.000.-<\/span><\/span><\/strong><\/p>\n<p><span style=\"vertical-align: inherit;\"><span style=\"vertical-align: inherit;\">EL MINI RETIRO APROXIDAMENTE TIENE UNA DURACION DE 10HORAS.<\/span><\/span><\/p>\n<p><u><span style=\"vertical-align: inherit;\"><span style=\"vertical-align: inherit;\">INCLUYE:<\/span><\/span><\/u><\/p>\n<ul>\n<li><span style=\"vertical-align: inherit;\"><span style=\"vertical-align: inherit;\">SESIONES INDIVIDUALES.<\/span><\/span><\/li>\n<li><span style=\"vertical-align: inherit;\"><span style=\"vertical-align: inherit;\">SESIONES VIDA PASADAS.<\/span><\/span><\/li>\n<li><span style=\"vertical-align: inherit;\"><span style=\"vertical-align: inherit;\">SESION CONEXIONES CON SERES.<\/span><\/span><\/li>\n<li>CONEXION CON JESUS Y MADRE MARIA.<\/li>\n<li>SESIONES DE HIPNOSIS.<\/li>\n<li>ALMUERZO .<\/li>\n<li><strong><span style=\"vertical-align: inherit;\"><span style=\"vertical-align: inherit;\">VALOR POR PERSONA: $144.000.-<\/span><\/span><\/strong><\/li>\n<\/ul>\n<p>TE CUENTO UN POCO SOBRE EL RETIRO TIENE UN CRONOGRAMA ESTABLECIDO QUE COMENZAMOS DESDE LAS 10 HORAS EN PUNTO EN EL MONTE CALVARIO DE LA CIUDAD DE TANDIL.\u00a0 EL COMIENZO SERA CON LA\u00a0 CONEXION DIVINA DE LOS GUIAS, ELEMENTALES Y ARCANGELES.<\/p>\n<p>LUEGO TENDREMOS LA PRESENCIA DIVINA DE CADA ARCANGEL DONDE TOMARAN CONCIENCIA DE QUIENES SON LOS GUIAS ESPIRITUALES.<\/p>\n<p>CONEXION CON JESUS Y MADRE MARIA .<\/p>\n<p>EN EL HORARIO DE LAS 12 :30 hS TENDRAN EN EL ALMUERZO EN LA CASA DE ANTON\u00a0 , UNA COQUETA CAFETERIA Y RESTO QUE BRINDA UNA EXCELENTE ATENCION. LA CARTA TIENE UN MENU MUY VARIADO. EL LUGAR ES AMENO PARA QUE PUEDA DESCANSAR , ESTAR ADENTRO O AFUERA EN SU PARQUECITO CON LA HERMOSA VISTA QUE TIENE. EN EL MISMO LA IDEA ES QUE PUEDAS RECARGAR ENERGIA, EN ESE TIEMPO DE OCIO SE RECOMIENDA PODER HACER UNA LINDA PAUSA PARA QUE PUEDAS REGISTRAR LA INFORMACION PERTINENTE QUE FUE CANALIZADA EN PRINCIPIO.<\/p>\n<p>LUEGO A LAS 14 HS VOLVEMOS A LA LOCACION PARA QUE TENGAS :<\/p>\n<p>SESION INDIVIDUAL GRUPAL\u00a0 DE : MEDIUMNIDAD, CANALIZACION, PROPOSITO DE VIDA, HIPNOSIS Y REGRESION A VIDA PASADAS\u00a0 Y SANACION DEL NI\u00d1O INTERIOR.<\/p>\n<p>TERMINAREMOS A LAS 19 HS CON CONEXION ALMICA DONDE CONECTARAS CON EL SENTIDO DE PERTENENCIA, CON EL SENTIR DE LA ESPIRITUALIDAD. UN ESPACIO MUY PROFUNDO , ENRIQUECEDOR QUE SERA UN ANTES Y DESPUES PARA TU VIDA.<\/p>\n<p>EN EL\u00a0 ESPACIO :TE RECOMIENDO QUE SIEMPRE TENGAS UNAMANTITA, Y UNA BOTELLA CON TU AGUA.<\/p>\n<p><strong><span style=\"vertical-align: inherit;\"><span style=\"vertical-align: inherit;\">El abono se puede realizar por TRANSFERENCIA BANCARIA. <\/span><span style=\"vertical-align: inherit;\">WESTERUNION, MERCADO PAGO.<\/span><\/span><\/strong><\/p>\n<p><strong><span style=\"vertical-align: inherit;\"><span style=\"vertical-align: inherit;\">SE PUEDE CONGELAR 50% de la tarifa DEL MINI RETIRO.<\/span><\/span><\/strong><\/p>\n<p><strong><span style=\"vertical-align: inherit;\"><span style=\"vertical-align: inherit;\">LAS FECHAS DE MARZO 2025 SON: 1 DE MARZO, 8 DE MARZO Y LAS FECHAS DE ABRIL 2025 SON 5\u00a0 DE ABRIL Y 12 DE ABRIL\u00a0<\/span><\/span><\/strong><\/p>\n<p>&nbsp;<\/p>\n<p>&nbsp;<\/p>\n","protected":false},"excerpt":{"rendered":"<p>El MINI RETIRO de Guillermo Fern\u00e1ndez es una invitaci\u00f3n a tomarnos un tiempo, para descubrir el sentido de nuestra vida. Un tiempo para detenernos a mirar en Silencio, crecer en la capacidad de escucha, aprender a estar despiertos y atentos a nosotros mismos, a los dem\u00e1s, ya Dios. \u00a1Descubre qui\u00e9nes somos, d\u00f3nde estamos, para qu\u00e9 [&hellip;]<\/p>\n","protected":false},"featured_media":1372,"comment_status":"open","ping_status":"closed","template":"","meta":{"site-sidebar-layout":"default","site-content-layout":"default","ast-site-content-layout":"default","site-content-style":"default","site-sidebar-style":"default","ast-global-header-display":"","ast-banner-title-visibility":"","ast-main-header-display":"","ast-hfb-above-header-display":"","ast-hfb-below-header-display":"","ast-hfb-mobile-header-display":"","site-post-title":"","ast-breadcrumbs-content":"","ast-featured-img":"","footer-sml-layout":"","ast-disable-related-posts":"","theme-transparent-header-meta":"enabled","adv-header-id-meta":"","stick-header-meta":"","header-above-stick-meta":"","header-main-stick-meta":"","header-below-stick-meta":"","astra-migrate-meta-layouts":"set","ast-page-background-enabled":"default","ast-page-background-meta":{"desktop":{"background-color":"var(--ast-global-color-4)","background-image":"","background-repeat":"repeat","background-position":"center center","background-size":"auto","background-attachment":"scroll","background-type":"","background-media":"","overlay-type":"","overlay-color":"","overlay-opacity":"","overlay-gradient":""},"tablet":{"background-color":"","background-image":"","background-repeat":"repeat","background-position":"center center","background-size":"auto","background-attachment":"scroll","background-type":"","background-media":"","overlay-type":"","overlay-color":"","overlay-opacity":"","overlay-gradient":""},"mobile":{"background-color":"","background-image":"","background-repeat":"repeat","background-position":"center center","background-size":"auto","background-attachment":"scroll","background-type":"","background-media":"","overlay-type":"","overlay-color":"","overlay-opacity":"","overlay-gradient":""}},"ast-content-background-meta":{"desktop":{"background-color":"var(--ast-global-color-5)","background-image":"","background-repeat":"repeat","background-position":"center center","background-size":"auto","background-attachment":"scroll","background-type":"","background-media":"","overlay-type":"","overlay-color":"","overlay-opacity":"","overlay-gradient":""},"tablet":{"background-color":"var(--ast-global-color-5)","background-image":"","background-repeat":"repeat","background-position":"center center","background-size":"auto","background-attachment":"scroll","background-type":"","background-media":"","overlay-type":"","overlay-color":"","overlay-opacity":"","overlay-gradient":""},"mobile":{"background-color":"var(--ast-global-color-5)","background-image":"","background-repeat":"repeat","background-position":"center center","background-size":"auto","background-attachment":"scroll","background-type":"","background-media":"","overlay-type":"","overlay-color":"","overlay-opacity":"","overlay-gradient":""}},"_joinchat":[]},"product_brand":[],"product_cat":[15],"product_tag":[],"class_list":{"0":"post-1081","1":"product","2":"type-product","3":"status-publish","4":"has-post-thumbnail","6":"product_cat-sin-categorizar","7":"desktop-align-left","8":"tablet-align-left","9":"mobile-align-left","11":"first","12":"instock","13":"taxable","14":"shipping-taxable","15":"purchasable","16":"product-type-simple"},"_links":{"self":[{"href":"https:\/\/guillermofernandezok.com\/index.php\/wp-json\/wp\/v2\/product\/1081","targetHints":{"allow":["GET"]}}],"collection":[{"href":"https:\/\/guillermofernandezok.com\/index.php\/wp-json\/wp\/v2\/product"}],"about":[{"href":"https:\/\/guillermofernandezok.com\/index.php\/wp-json\/wp\/v2\/types\/product"}],"replies":[{"embeddable":true,"href":"https:\/\/guillermofernandezok.com\/index.php\/wp-json\/wp\/v2\/comments?post=1081"}],"wp:featuredmedia":[{"embeddable":true,"href":"https:\/\/guillermofernandezok.com\/index.php\/wp-json\/wp\/v2\/media\/1372"}],"wp:attachment":[{"href":"https:\/\/guillermofernandezok.com\/index.php\/wp-json\/wp\/v2\/media?parent=1081"}],"wp:term":[{"taxonomy":"product_brand","embeddable":true,"href":"https:\/\/guillermofernandezok.com\/index.php\/wp-json\/wp\/v2\/product_brand?post=1081"},{"taxonomy":"product_cat","embeddable":true,"href":"https:\/\/guillermofernandezok.com\/index.php\/wp-json\/wp\/v2\/product_cat?post=1081"},{"taxonomy":"product_tag","embeddable":true,"href":"https:\/\/guillermofernandezok.com\/index.php\/wp-json\/wp\/v2\/product_tag?post=1081"}],"curies":[{"name":"wp","href":"https:\/\/api.w.org\/{rel}","templated":true}]}}